{"id":6028,"date":"2019-02-21T14:10:41","date_gmt":"2019-02-21T14:10:41","guid":{"rendered":"https:\/\/villasborghetto.com\/?page_id=6028"},"modified":"2025-08-28T10:58:07","modified_gmt":"2025-08-28T08:58:07","slug":"seien-sie-aktiv-und-kommen-sie-in-istrien-dem-abenteuer-auf-die-spur","status":"publish","type":"page","link":"https:\/\/villasborghetto.com\/de\/reiseziel\/seien-sie-aktiv-und-kommen-sie-in-istrien-dem-abenteuer-auf-die-spur\/","title":{"rendered":"Seien Sie aktiv und kommen Sie in Istrien dem Abenteuer auf die Spur"},"content":{"rendered":"<h2>Unvergleichliches Urlaubserlebnis<\/h2>\n<p>Erkunden Sie die K\u00fcste und das Innenland Istriens f\u00fcr einen erf\u00fcllenden Urlaub auf aktive Art und Weise! Gehen Sie Ihren Lieblingsaktivit\u00e4ten inmitten wundersch\u00f6ner Natur nach, stellen Sie sich neuen Herausforderungen und w\u00fcrzen Sie Ihren Urlaub in Istrien mit einer Prise Abenteuer!<\/p>\n<h2>Erkunden Sie die eindrucksvolle K\u00fcste Istriens<\/h2>\n<p>Unternehmen Sie eine Ausfahrt mit einem luxuri\u00f6sen Schnellboot und erleben Sie das Abenteuer Ihres Lebens! Bestaunen Sie die Sch\u00f6nheit und Vielfalt der istrischen K\u00fcste, segeln Sie zu spannenden Orten wie dem Kap Kamenjak oder den Brijuni-Inseln, schwimmen Sie im Meer und schnorcheln Sie im kristallklaren Wasser unber\u00fchrter Buchten. F\u00fchlen Sie das Adrenalin, wenn das Schnellboot beschleunigt und Sie an die beeindruckendsten Orte an der istrischen K\u00fcste bringt.<\/p>\n<h2>Fr\u00f6nen Sie dem Wassersport und genie\u00dfen Sie das Istralandia<\/h2>\n<p>Entdecken Sie die atemberaubende Unterwasserwelt oder genie\u00dfen Sie die verschiedenen Aktivit\u00e4ten an der Oberfl\u00e4che! Wagen Sie sich an unterschiedlichen Pl\u00e4tzen ans Tiefseetauchen und sehen Sie die schillernde Flora und Fauna des Meeres oder alte Schiffswracks mit eigenen Augen. Erkunden Sie die K\u00fcste auf einem SUP oder stellen Sie sich der Herausforderung des Windsurfens. Und auch der Istralandia Aquapark bietet sich an, um einen ganzen Tag am und im Wasser sowie mit einer Vielzahl spannender Attraktionen zu verbringen.<\/p>\n<h2>Werden Sie zum Entdecker \u2013 zu Fu\u00df oder auf dem Rad<\/h2>\n<p>Folgen Sie den zahlreichen Pfaden in der Region und verlieren Sie Ihr Herz gern an Istrien! Der wahrgewordene Traum eines jeden Mountainbikers, zeigt sich entlang ihrer Wege die vielgestaltige Sch\u00f6nheit der Region. Diese f\u00fchren Sie die K\u00fcste hinauf, die H\u00e4nge der U\u010dka hinab oder verlaufen Seite an Seite mit der stillgelegten Parenzana-Bahnstrecke quer durchs Land, \u00fcber steinerne Viadukte und Br\u00fccken, durch Tunnel und vorbei an magischen Kleinst\u00e4dten auf H\u00fcgelkuppen. Auf \u00e4hnliche Weise gew\u00e4hrt Ihnen auch das Wandern fantastische Einblicke in die atemberaubende Natur Istriens, also folgen Sie dem Vela-Draga-Wanderweg durch den U\u010dka-Naturpark oder dem sogenannten Weg der sieben Wasserf\u00e4lle f\u00fcr vollkommenes Vergn\u00fcgen unter freiem Himmel.<\/p>\n<h2>W\u00fcrzen Sie Ihren Urlaub mit einer Prise Abenteuer<\/h2>\n<p>Erleben Sie in Istrien das Abenteuer Ihres Lebens! Brechen Sie auf zu einem Panoramaflug \u00fcber die bezaubernde Halbinsel oder \u2013 f\u00fcr eine Extraportion Adrenalin \u2013 zu einem Fallschirmsprung. Erfreuen Sie sich an den fantastischen Ausblicken, die sich Ihnen beim Gleitschirm- oder Drachenfliegen bieten. Sp\u00fcren Sie die Begeisterung, wenn Sie auf der Seilrutsche bei Pazin an Fahrt aufnehmen und die Wunder der Natur sich unter Ihren F\u00fc\u00dfen erstrecken. Stellen Sie sich der Herausforderung und versuchen Sie sich f\u00fcr unvergessliche Urlaubsaugenblicke an spannenden, unbekannten Aktivit\u00e4ten.<\/p>\n","protected":false},"excerpt":{"rendered":"<p>Unvergleichliches Urlaubserlebnis Erkunden Sie die K\u00fcste und das Innenland Istriens f\u00fcr einen erf\u00fcllenden Urlaub auf aktive Art und Weise! Gehen Sie Ihren Lieblingsaktivit\u00e4ten inmitten wundersch\u00f6ner Natur nach, stellen Sie sich neuen Herausforderungen und w\u00fcrzen Sie Ihren Urlaub in Istrien mit einer Prise Abenteuer! Erkunden Sie die eindrucksvolle K\u00fcste Istriens Unternehmen Sie eine Ausfahrt mit einem [&hellip;]<\/p>\n","protected":false},"author":5,"featured_media":1534345,"parent":4853,"menu_order":0,"comment_status":"closed","ping_status":"closed","template":"template-destination-single.php","meta":{"_acf_changed":false,"_joinchat":[],"footnotes":""},"class_list":["post-6028","page","type-page","status-publish","has-post-thumbnail","hentry"],"acf":[],"_links":{"self":[{"href":"https:\/\/villasborghetto.com\/de\/wp-json\/wp\/v2\/pages\/6028","targetHints":{"allow":["GET"]}}],"collection":[{"href":"https:\/\/villasborghetto.com\/de\/wp-json\/wp\/v2\/pages"}],"about":[{"href":"https:\/\/villasborghetto.com\/de\/wp-json\/wp\/v2\/types\/page"}],"author":[{"embeddable":true,"href":"https:\/\/villasborghetto.com\/de\/wp-json\/wp\/v2\/users\/5"}],"replies":[{"embeddable":true,"href":"https:\/\/villasborghetto.com\/de\/wp-json\/wp\/v2\/comments?post=6028"}],"version-history":[{"count":8,"href":"https:\/\/villasborghetto.com\/de\/wp-json\/wp\/v2\/pages\/6028\/revisions"}],"predecessor-version":[{"id":1534353,"href":"https:\/\/villasborghetto.com\/de\/wp-json\/wp\/v2\/pages\/6028\/revisions\/1534353"}],"up":[{"embeddable":true,"href":"https:\/\/villasborghetto.com\/de\/wp-json\/wp\/v2\/pages\/4853"}],"wp:featuredmedia":[{"embeddable":true,"href":"https:\/\/villasborghetto.com\/de\/wp-json\/wp\/v2\/media\/1534345"}],"wp:attachment":[{"href":"https:\/\/villasborghetto.com\/de\/wp-json\/wp\/v2\/media?parent=6028"}],"curies":[{"name":"wp","href":"https:\/\/api.w.org\/{rel}","templated":true}]}}