{"id":6022,"date":"2019-02-21T14:07:34","date_gmt":"2019-02-21T13:07:34","guid":{"rendered":"https:\/\/villasborghetto.com\/?page_id=6022"},"modified":"2022-06-20T13:05:22","modified_gmt":"2022-06-20T11:05:22","slug":"tanken-sie-energie-in-der-atemberaubenden-natur-istriens-old","status":"publish","type":"page","link":"https:\/\/villasborghetto.com\/de\/reiseziel\/tanken-sie-energie-in-der-atemberaubenden-natur-istriens-old\/","title":{"rendered":"Tanken Sie Energie in der atemberaubenden Natur Istriens"},"content":{"rendered":"<h2>Wunderbare Vielfalt atemberaubender Natur<\/h2>\n<p>Mit seinem klaren, blauen Meer und frischen Gr\u00fcnt\u00f6nen \u00fcberzeugt die Region Istrien als wahrgewordener Traum eines jeden Naturliebhabers. Also entdecken Sie ihre versteckten, unber\u00fchrten Buchten und reizenden Inseln, erklimmen Sie ihre Berge, wandern Sie durch ihre W\u00e4lder und bestaunen Sie die kunstvollen Spuren, die imposante Naturgewalten auf Kroatiens gr\u00f6\u00dfter Halbinsel hinterlassen haben.<\/p>\n<h2>Der Brijuni-Nationalpark<\/h2>\n<p>Ein St\u00fcck Paradies auf Erden, ist der Brijuni-Nationalpark einer der bekanntesten Natursch\u00e4tze Istriens und ein beliebtes Ausflugsziel, das auch von internationalen Ber\u00fchmtheiten besucht wird. Er setzt sich aus 14 Inseln und kleineren Erhebungen zusammen und fasziniert durch seine \u00fcppige Vegetation, seine W\u00e4lder und Parks sowie durch arch\u00e4ologische St\u00e4tten und Ruinen, deren Geschichte bis in die Antike zur\u00fcckreicht, und die sogenannte Dinosaurier-Promenade.<\/p>\n<h2>Der U\u010dka-Naturpark und der Eichenwald von Motovun<\/h2>\n<p>Verschiedene Gr\u00fcnt\u00f6ne soweit das Auge reicht! Ein Drittel der Halbinsel ist von Wald bedeckt, und der U\u010dka-Naturpark und der Eichenwald von Motovun sind die prominentesten Forste. Ersterer ist ideal f\u00fcr viele Outdoor-Aktivit\u00e4ten und besticht durch seine reiche Artenvielfalt und sensationelle Ausblicke. Der Wald von Motovun ist als die Heimat des istrischen Tr\u00fcffels bekannt und ein Vertreter der am Mittelmeer mittlerweile selten gewordenen Flachlandw\u00e4lder mit Stieleiche, Esche und Ulme.<\/p>\n<h2>Der Limski-Kanal und das Kap Kamenjak<\/h2>\n<p>Eindrucksvolle Beispiele f\u00fcr Naturwunder zum Greifen nahe! Besuchen die S\u00fcdspitze der istrischen Halbinsel, der Kap Kamenjak Naturpark, und genie\u00dfen Sie einen Tag inmitten mediterraner Gr\u00fcnpflanzen, Kr\u00e4uter und bezaubernder Blumen, an unber\u00fchrten Str\u00e4nden und Klippen, die zu abenteuerlichen Tauchg\u00e4ngen einladen. \u00c4hnlich eindrucksvolle Ausblicke bieten sich auf einer Bootsfahrt durch das \u00fcberflutete Flusstal, das heute als Limski-Kanal f\u00fcr seine Landschaften und seine besonders guten Meeresfr\u00fcchte bekannt ist.<\/p>\n<h2>Istrische H\u00f6hlen und Gruben<\/h2>\n<p>Betreten Sie die Welt au\u00dfergew\u00f6hnlicher geomorphologischer Formen und denken Sie dabei an die Jahrzehnte und Jahrhunderte zur\u00fcck, die die Natur ben\u00f6tigte, um solche magischen Strukturen wie die H\u00f6hlen Baredine, Mramornica oder die Romuald-H\u00f6hle zu schaffen, und lernen Sie die Geschichten und Legenden kennen, die sich um sie ranken.<\/p>\n","protected":false},"excerpt":{"rendered":"<p>Wunderbare Vielfalt atemberaubender Natur Mit seinem klaren, blauen Meer und frischen Gr\u00fcnt\u00f6nen \u00fcberzeugt die Region Istrien als wahrgewordener Traum eines jeden Naturliebhabers. Also entdecken Sie ihre versteckten, unber\u00fchrten Buchten und reizenden Inseln, erklimmen Sie ihre Berge, wandern Sie durch ihre W\u00e4lder und bestaunen Sie die kunstvollen Spuren, die imposante Naturgewalten auf Kroatiens gr\u00f6\u00dfter Halbinsel hinterlassen [&hellip;]<\/p>\n","protected":false},"author":5,"featured_media":5938,"parent":4853,"menu_order":0,"comment_status":"closed","ping_status":"closed","template":"template-destination-single.php","meta":{"_acf_changed":false,"_joinchat":[],"footnotes":""},"class_list":["post-6022","page","type-page","status-publish","has-post-thumbnail","hentry"],"acf":[],"_links":{"self":[{"href":"https:\/\/villasborghetto.com\/de\/wp-json\/wp\/v2\/pages\/6022","targetHints":{"allow":["GET"]}}],"collection":[{"href":"https:\/\/villasborghetto.com\/de\/wp-json\/wp\/v2\/pages"}],"about":[{"href":"https:\/\/villasborghetto.com\/de\/wp-json\/wp\/v2\/types\/page"}],"author":[{"embeddable":true,"href":"https:\/\/villasborghetto.com\/de\/wp-json\/wp\/v2\/users\/5"}],"replies":[{"embeddable":true,"href":"https:\/\/villasborghetto.com\/de\/wp-json\/wp\/v2\/comments?post=6022"}],"version-history":[{"count":3,"href":"https:\/\/villasborghetto.com\/de\/wp-json\/wp\/v2\/pages\/6022\/revisions"}],"predecessor-version":[{"id":6032,"href":"https:\/\/villasborghetto.com\/de\/wp-json\/wp\/v2\/pages\/6022\/revisions\/6032"}],"up":[{"embeddable":true,"href":"https:\/\/villasborghetto.com\/de\/wp-json\/wp\/v2\/pages\/4853"}],"wp:featuredmedia":[{"embeddable":true,"href":"https:\/\/villasborghetto.com\/de\/wp-json\/wp\/v2\/media\/5938"}],"wp:attachment":[{"href":"https:\/\/villasborghetto.com\/de\/wp-json\/wp\/v2\/media?parent=6022"}],"curies":[{"name":"wp","href":"https:\/\/api.w.org\/{rel}","templated":true}]}}