{"id":6020,"date":"2019-02-21T14:07:12","date_gmt":"2019-02-21T14:07:12","guid":{"rendered":"https:\/\/villasborghetto.com\/?page_id=6020"},"modified":"2025-08-28T11:04:53","modified_gmt":"2025-08-28T09:04:53","slug":"entdecken-sie-das-reiche-kulturhistorische-erbe-istriens","status":"publish","type":"page","link":"https:\/\/villasborghetto.com\/de\/reiseziel\/entdecken-sie-das-reiche-kulturhistorische-erbe-istriens\/","title":{"rendered":"Entdecken Sie das reiche kulturhistorische Erbe Istriens"},"content":{"rendered":"<h2>Wo die Zeit stehen geblieben zu sein scheint<\/h2>\n<p>Wandeln Sie auf den Spuren von Kultur und Geschichte und lassen Sie sich von eindrucksvollen Sehensw\u00fcrdigkeiten inspirieren, die bereits Jahrhunderte, wenn nicht gar Jahrtausende \u00fcberdauert haben! Erfahren Sie mehr \u00fcber istrische Legenden und Erz\u00e4hlungen aus l\u00e4ngst vergangenen Zeiten und sehen Sie vor Ihrem inneren Auge, wie sich das Leben auf dieser eindrucksvollen Halbinsel im Verlauf der Geschichte ver\u00e4ndert hat.<\/p>\n<h2>Farbenfrohe K\u00fcstenst\u00e4dte<\/h2>\n<p>Flanieren Sie durch die historischen Stra\u00dfen wundersch\u00f6ner St\u00e4dte an der istrischen K\u00fcste und erleben Sie ihren einnehmenden, ewig \u00fcberdauernden Charme! Lassen Sie die Romantik des malerischen St\u00e4dtchens Rovinj mit seinem bezaubernden alten Stadtkern und der eindrucksvollen Kirche der Heiligen Euphemia auf sich wirken. Wandeln Sie durch die Stra\u00dfen von Pula und Pore\u010d, durch auch schon die alten R\u00f6mer zogen, oder treten Sie im reizenden St\u00e4dtchen Bale in Casanovas Fu\u00dfstapfen. Spazieren Sie durch die schmalen Gassen von Umag, w\u00e4hrend Sie die faszinierenden Bauwerke der Architektur der Gotik und der Renaissance bestaunen. Erfreuen Sie sich am Charme typisch istrischer Kleinst\u00e4dte wie Novigrad oder Vrsar, von denen jede eine eigene Geschichte zu erz\u00e4hlen hat.<\/p>\n<h2>Magische St\u00e4dte im Innenland<\/h2>\n<p>Betreten Sie die M\u00e4rchenwelt der St\u00e4dte im Innenland der Halbinsel! Die kleinen St\u00e4dte auf den H\u00fcgelkuppen im Inneren ziehen Sie von dem Moment an in ihren Bann, in dem Sie sie aus der Ferne erkennen k\u00f6nnen. Erkunden Sie die alten Stra\u00dfenz\u00fcge und Mauerwerke von Motovun, genie\u00dfen Sie die ultimativen Ausblicke und verleben Sie magische Augenblicke. Erfahren Sie mehr \u00fcber die Legenden, die sich um die kleinste Stadt der Welt \u2013 Hum \u2013 und ihr glagolitisches Erbe ranken, verlaufen Sie sich in den schmalen Gassen von Vodnjan und besteigen Sie den \u00f6rtlichen Glockenturm, der Ihnen gro\u00dfartige Ausblicke gew\u00e4hrt. Statten Sie dem Herzen Istriens \u2013 der Stadt Pazin \u2013 sowie ihrer Burg und ihrer ehrfurchtgebietenden Grotte einen Besuch ab und lassen Sie sich auch von anderen kleinen St\u00e4dten wie Gro\u017enjan, Buzet oder Buje verzaubern.<\/p>\n<h2>Das r\u00f6mische Amphitheater in Pula<\/h2>\n<p>Sehen Sie eines der bekanntesten Bauwerke aus der Antike in Kroatien mit eigenen Augen \u2013 die Arena in Pula! Das sechstgr\u00f6\u00dfte r\u00f6mische Amphitheater weltweit, z\u00e4hlt die Arena au\u00dferdem zu den am besten erhaltenen. Doch das zweitausend Jahre alte Denkmal ist nicht nur ein absolutes Muss auf jeder Ausflugsliste: Es versteht zudem mit fesselnden Auftritten von nationalen und internationalen K\u00fcnstlern zu locken.<\/p>\n<h2>Die Euphrasius-Basilika in Pore\u010d<\/h2>\n<p>Unternehmen Sie eine Reise in die Vergangenheit und besuchen Sie den bisch\u00f6flichen Komplex der Euphrasius-Basilika, ein UNESCO-Weltkulturerbe in der Altstadt von Pore\u010d! Dieser eindrucksvolle Stellvertreter religi\u00f6ser Architektur ist eines der am besten erhaltenen Bauwerke seiner Art und wurde im 6. Jahrhundert errichtet. Bestaunen Sie die hervorragenden Mosaikarbeiten im Inneren der Kathedrale, bevor Sie durch den historischen Kern von Pore\u010d schlendern und zusehen, wie die Erz\u00e4hlungen aus Ihren Geschichtsb\u00fcchern zum Leben erwachen.<\/p>\n","protected":false},"excerpt":{"rendered":"<p>Wo die Zeit stehen geblieben zu sein scheint Wandeln Sie auf den Spuren von Kultur und Geschichte und lassen Sie sich von eindrucksvollen Sehensw\u00fcrdigkeiten inspirieren, die bereits Jahrhunderte, wenn nicht gar Jahrtausende \u00fcberdauert haben! Erfahren Sie mehr \u00fcber istrische Legenden und Erz\u00e4hlungen aus l\u00e4ngst vergangenen Zeiten und sehen Sie vor Ihrem inneren Auge, wie sich [&hellip;]<\/p>\n","protected":false},"author":5,"featured_media":1534360,"parent":4853,"menu_order":4,"comment_status":"closed","ping_status":"closed","template":"template-destination-single.php","meta":{"_acf_changed":false,"_joinchat":[],"footnotes":""},"class_list":["post-6020","page","type-page","status-publish","has-post-thumbnail","hentry"],"acf":[],"_links":{"self":[{"href":"https:\/\/villasborghetto.com\/de\/wp-json\/wp\/v2\/pages\/6020","targetHints":{"allow":["GET"]}}],"collection":[{"href":"https:\/\/villasborghetto.com\/de\/wp-json\/wp\/v2\/pages"}],"about":[{"href":"https:\/\/villasborghetto.com\/de\/wp-json\/wp\/v2\/types\/page"}],"author":[{"embeddable":true,"href":"https:\/\/villasborghetto.com\/de\/wp-json\/wp\/v2\/users\/5"}],"replies":[{"embeddable":true,"href":"https:\/\/villasborghetto.com\/de\/wp-json\/wp\/v2\/comments?post=6020"}],"version-history":[{"count":8,"href":"https:\/\/villasborghetto.com\/de\/wp-json\/wp\/v2\/pages\/6020\/revisions"}],"predecessor-version":[{"id":1534365,"href":"https:\/\/villasborghetto.com\/de\/wp-json\/wp\/v2\/pages\/6020\/revisions\/1534365"}],"up":[{"embeddable":true,"href":"https:\/\/villasborghetto.com\/de\/wp-json\/wp\/v2\/pages\/4853"}],"wp:featuredmedia":[{"embeddable":true,"href":"https:\/\/villasborghetto.com\/de\/wp-json\/wp\/v2\/media\/1534360"}],"wp:attachment":[{"href":"https:\/\/villasborghetto.com\/de\/wp-json\/wp\/v2\/media?parent=6020"}],"curies":[{"name":"wp","href":"https:\/\/api.w.org\/{rel}","templated":true}]}}