{"id":6001,"date":"2019-02-21T13:02:39","date_gmt":"2019-02-21T13:02:39","guid":{"rendered":"https:\/\/villasborghetto.com\/?page_id=6001"},"modified":"2026-04-28T08:25:26","modified_gmt":"2026-04-28T06:25:26","slug":"leistungen","status":"publish","type":"page","link":"https:\/\/villasborghetto.com\/de\/leistungen\/","title":{"rendered":"Erstklassiger Service f\u00fcr einen erf\u00fcllenden Urlaub"},"content":{"rendered":"<p>Erleben Sie den Urlaub Ihres Lebens mit tadellosem Service in einer 5*-Villa-Borghetto! Erfreuen Sie sich an der verf\u00fcgbaren luxuri\u00f6sen Ausstattung und \u00fcberlassen Sie es unseren aufmerksamen Mitarbeitern, sich f\u00fcr Ihren maximalen Komfort und unbeschwertes Vergn\u00fcgen um alle Einzelheiten zu k\u00fcmmern!<\/p>\n","protected":false},"excerpt":{"rendered":"<p>Erleben Sie den Urlaub Ihres Lebens mit tadellosem Service in einer 5*-Villa-Borghetto! Erfreuen Sie sich an der verf\u00fcgbaren luxuri\u00f6sen Ausstattung und \u00fcberlassen Sie es unseren aufmerksamen Mitarbeitern, sich f\u00fcr Ihren maximalen Komfort und unbeschwertes Vergn\u00fcgen um alle Einzelheiten zu k\u00fcmmern!<\/p>\n","protected":false},"author":5,"featured_media":1023902,"parent":0,"menu_order":39,"comment_status":"closed","ping_status":"closed","template":"template-services.php","meta":{"_acf_changed":false,"_joinchat":[],"footnotes":""},"class_list":["post-6001","page","type-page","status-publish","has-post-thumbnail","hentry"],"acf":[],"_links":{"self":[{"href":"https:\/\/villasborghetto.com\/de\/wp-json\/wp\/v2\/pages\/6001","targetHints":{"allow":["GET"]}}],"collection":[{"href":"https:\/\/villasborghetto.com\/de\/wp-json\/wp\/v2\/pages"}],"about":[{"href":"https:\/\/villasborghetto.com\/de\/wp-json\/wp\/v2\/types\/page"}],"author":[{"embeddable":true,"href":"https:\/\/villasborghetto.com\/de\/wp-json\/wp\/v2\/users\/5"}],"replies":[{"embeddable":true,"href":"https:\/\/villasborghetto.com\/de\/wp-json\/wp\/v2\/comments?post=6001"}],"version-history":[{"count":12,"href":"https:\/\/villasborghetto.com\/de\/wp-json\/wp\/v2\/pages\/6001\/revisions"}],"predecessor-version":[{"id":1534767,"href":"https:\/\/villasborghetto.com\/de\/wp-json\/wp\/v2\/pages\/6001\/revisions\/1534767"}],"wp:featuredmedia":[{"embeddable":true,"href":"https:\/\/villasborghetto.com\/de\/wp-json\/wp\/v2\/media\/1023902"}],"wp:attachment":[{"href":"https:\/\/villasborghetto.com\/de\/wp-json\/wp\/v2\/media?parent=6001"}],"curies":[{"name":"wp","href":"https:\/\/api.w.org\/{rel}","templated":true}]}}